{"id":126,"date":"2010-03-28T16:53:47","date_gmt":"2010-03-28T14:53:47","guid":{"rendered":"http:\/\/jpmdesign.eu\/windmuehle\/?page_id=126"},"modified":"2026-03-01T20:55:11","modified_gmt":"2026-03-01T19:55:11","slug":"termine","status":"publish","type":"page","link":"https:\/\/windmuehle-westhoyel.de\/?page_id=126","title":{"rendered":"Termine"},"content":{"rendered":"\n<p><\/p>\n\n\n\n<p><\/p>\n\n\n\n<h2 class=\"wp-block-heading has-text-align-center\">Mahl- und Backtage 2026<\/h2>\n\n\n\n<p>&nbsp;<\/p>\n\n\n\n<h3 class=\"wp-block-heading\">Sonntag, 26. April, Mahl- und Backtag<\/h3>\n\n\n\n<p>Marmelade, Susanna Fleer, Pr. Oldendorf<\/p>\n\n\n\n<p>Scherenschleifer Dieter Krawert, Bad Oeynhausen<\/p>\n\n\n\n<p>Honig, Bienenhof Hellmann, Melle<\/p>\n\n\n\n<p>Korbflechter und Kleinigkeiten, Friedhelm Tewes, Detmold<\/p>\n\n\n\n<p>Dekoartikel, Karla Krug, Pr. Oldendorf<\/p>\n\n\n\n<p>Stammbaum, Sven Weber, Melle<\/p>\n\n\n\n<p>&nbsp;<\/p>\n\n\n\n<h3 class=\"wp-block-heading\">Montag, 25. Mai, 2. Pfingstag, Deutscher M\u00fchlentag<\/h3>\n\n\n\n<p>10:30 Uhr \u00f6kumenischer Gottesdienst, anschlie\u00dfend buntes Treiben an der M\u00fchle<\/p>\n\n\n\n<p>St\u00e4nde der Kirchengemeinden<\/p>\n\n\n\n<p>&nbsp;<\/p>\n\n\n\n<h3 class=\"wp-block-heading\">Sonntag, 28. Juni, Mahl- und Backtag<\/h3>\n\n\n\n<p>Scherenschleifer Dieter Krawert, Bad Oeynhausen<\/p>\n\n\n\n<p>Honig, Bienenhof Hellmann, Melle<\/p>\n\n\n\n<p>Marmelade, Jutta Payne, B\u00fcnde<\/p>\n\n\n\n<p>Drechselarbeiten, Jochen Lemcke, Halle \/ Westf. <\/p>\n\n\n\n<p>Dekoartikel, Karla Krug, Pr. Oldendorf<\/p>\n\n\n\n<p>&nbsp;<\/p>\n\n\n\n<h3 class=\"wp-block-heading\">Sonntag, 26. Juli, Mahl- und Backtag<\/h3>\n\n\n\n<p>Scherenschleifer Dieter Krawert, Bad Oeynhausen<\/p>\n\n\n\n<p>Honig, Bienenhof Hellmann, Melle<\/p>\n\n\n\n<p>Marmelade<\/p>\n\n\n\n<p>Dekoartikel, Karla Krug, Pr. Oldendorf<\/p>\n\n\n\n<p>&nbsp;<\/p>\n\n\n\n<h3 class=\"wp-block-heading\">Sonntag, 23. August, Mahl- und Backtag<\/h3>\n\n\n\n<p>Marmelade, Jutta Payne, B\u00fcnde<\/p>\n\n\n\n<p>Honig, Bienenhof Hellmann, Melle<\/p>\n\n\n\n<p>Scherenschleifer Dieter Krawert, Bad Oeynhausen<\/p>\n\n\n\n<p>Stammbaum, Sven Weber, Melle<\/p>\n\n\n\n<p>&nbsp;<\/p>\n\n\n\n<h3 class=\"wp-block-heading\">Sonntag, 27. September, Mahl- und Backtag<\/h3>\n\n\n\n<p>Marmelade, Susanna Fleer, Pr. Oldendorf&nbsp;&nbsp;&nbsp;&nbsp;&nbsp;&nbsp;<\/p>\n\n\n\n<p>Honig, Bienenhof Hellmann, Melle<\/p>\n\n\n\n<p>Scherenschleifer Dieter Krawert, Bad Oeynhausen<\/p>\n\n\n\n<p>Drechselarbeiten, Jochen Lemcke, Halle \/ Westf. <\/p>\n\n\n\n<p>Dekoartikel, Karla Krug, Pr. Oldendorf<\/p>\n\n\n\n<p>Korbflechter und Kleinigkeiten, Friedhelm Tewes, Detmold<\/p>\n\n\n\n<p>Stammbaum, Sven Weber, Melle<\/p>\n\n\n\n<p>Clematis Kruse, Melle-Riemsloh<\/p>\n\n\n\n<p><strong>&nbsp;&nbsp;&nbsp;&nbsp;&nbsp;&nbsp;&nbsp;&nbsp;&nbsp;&nbsp;&nbsp;<\/strong><\/p>\n\n\n\n<p><\/p>\n\n\n\n<p><\/p>\n\n\n\n<p><\/p>\n\n\n\n<p><\/p>\n\n\n<div class=\"art-Post\">\n<div class=\"art-Post-body\">\n<div class=\"art-Post-inner art-article\">\n<h2 class=\"art-PostHeader\"><a title=\"Permanent-Link zu Mahl- und Backtage\" href=\"http:\/\/windmuehle-westhoyel.de\/2014\/01\/22\/mahl-und-backtage\/\" rel=\"bookmark\">Mahl- und Backtage<\/a><\/h2>\n<div class=\"art-PostHeaderIcons art-metadata-icons\">Unsere Mahl- und Backtage finden jeweils von 11:00 Uhr bis 16:00 Uhr statt.<\/div>\n<div class=\"art-PostContent\">\n<p>Eine Ausnahme macht der Deutsche M\u00fchlentag am 2. Pfingsttag, er beginnt schon um 10:30 Uhr und endet um 18:00 Uhr.<\/p>\n<\/div>\n<\/div>\n<\/div>\n<\/div>\n<p style=\"text-align: right; padding-left: 30px;\"><strong>\u00c4nderungen vorbehalten!<\/strong><\/p>\n<p><span style=\"color: #000000; font-family: Times New Roman;\">\u00a0\u00a0\u00a0\u00a0\u00a0\u00a0\u00a0\u00a0\u00a0\u00a0\u00a0\u00a0\u00a0\u00a0\u00a0\u00a0\u00a0\u00a0\u00a0\u00a0\u00a0\u00a0\u00a0 <\/span><\/p>\n<div class=\"art-Post\">\n<div class=\"art-Post-body\">\n<div class=\"art-Post-inner art-article\">\n<div class=\"art-PostContent\">\n<p>Haben Sie Interesse, an einer der Veranstaltungen mit einem Handwerk\u00a0 oder einer k\u00fcnstlerischen Idee teilzunehmen? Dann melden Sie sich bitte, m\u00f6glichst bis Anfang Oktober, unter der Kontaktadresse. Ende Oktober muss die Terminplanung f\u00fcr das neue Jahr abgegeben werden!<\/p>\n<\/div>\n<div class=\"cleared\">\u00a0<\/div>\n<\/div>\n<div class=\"cleared\">\u00a0<\/div>\n<\/div>\n<\/div>\n<div class=\"art-Post\">\n<div class=\"art-Post-body\">\n<div class=\"art-Post-inner art-article\">\n<h2 class=\"art-PostHeaderIcons art-metadata-icons\"><a title=\"Permanent-Link zu Hand- und Kunsthandwerker gesucht\" href=\"http:\/\/windmuehle-westhoyel.de\/2010\/12\/26\/hand-und-kunsthandwerker-gesucht\/\" rel=\"bookmark\">Hand- und Kunsthandwerker gesucht<\/a><\/h2>\n<\/div>\n<\/div>\n<\/div>\n<div class=\"art-Post\">\n<div class=\"art-Post-body\">\n<div class=\"art-Post-inner art-article\">\n<div class=\"art-PostHeaderIcons art-metadata-icons\">26. Dezember 2010<\/div>\n<div class=\"art-PostContent\">\n<p>Wenn Sie ein historisches Handwerk oder Kunsthandwerk aus\u00fcben und interessiert sind, dieses in der \u00d6ffentlichkeit zu zeigen, sprechen Sie uns bitte an. Wir geben Ihnen gerne die Gelegenheit dazu.<\/p>\n<\/div>\n<\/div>\n<\/div>\n<\/div>\n\n\n<p><\/p>\n\n\n\n<h2 class=\"wp-block-heading\">Leider gibt es in diesem Jahr keine Vorstellungen der Theaterbande Phoenix.<\/h2>\n\n\n\n<p>Hoffen wir auf 2027.<\/p>\n","protected":false},"excerpt":{"rendered":"<p>Mahl- und Backtage 2026 &nbsp; Sonntag, 26. April, Mahl- und Backtag Marmelade, Susanna Fleer, Pr. Oldendorf Scherenschleifer Dieter Krawert, Bad Oeynhausen Honig, Bienenhof Hellmann, Melle Korbflechter und Kleinigkeiten, Friedhelm Tewes, Detmold Dekoartikel, Karla Krug, Pr. Oldendorf Stammbaum, Sven Weber, Melle &nbsp; Montag, 25. Mai, 2. Pfingstag, Deutscher M\u00fchlentag 10:30 Uhr \u00f6kumenischer Gottesdienst, anschlie\u00dfend buntes Treiben an der M\u00fchle St\u00e4nde der Kirchengemeinden &nbsp; Sonntag, 28. Juni, Mahl- und Backtag Scherenschleifer Dieter Krawert, Bad Oeynhausen Honig, Bienenhof Hellmann, Melle Marmelade, Jutta Payne,&#8230;<\/p>\n<p class=\"read-more\"><a class=\"btn btn-default\" href=\"https:\/\/windmuehle-westhoyel.de\/?page_id=126\">Weiterlesen<span class=\"screen-reader-text\"> Weiterlesen<\/span><\/a><\/p>\n","protected":false},"author":2,"featured_media":0,"parent":0,"menu_order":2,"comment_status":"closed","ping_status":"closed","template":"","meta":{"footnotes":""},"class_list":["post-126","page","type-page","status-publish","hentry"],"_links":{"self":[{"href":"https:\/\/windmuehle-westhoyel.de\/index.php?rest_route=\/wp\/v2\/pages\/126","targetHints":{"allow":["GET"]}}],"collection":[{"href":"https:\/\/windmuehle-westhoyel.de\/index.php?rest_route=\/wp\/v2\/pages"}],"about":[{"href":"https:\/\/windmuehle-westhoyel.de\/index.php?rest_route=\/wp\/v2\/types\/page"}],"author":[{"embeddable":true,"href":"https:\/\/windmuehle-westhoyel.de\/index.php?rest_route=\/wp\/v2\/users\/2"}],"replies":[{"embeddable":true,"href":"https:\/\/windmuehle-westhoyel.de\/index.php?rest_route=%2Fwp%2Fv2%2Fcomments&post=126"}],"version-history":[{"count":101,"href":"https:\/\/windmuehle-westhoyel.de\/index.php?rest_route=\/wp\/v2\/pages\/126\/revisions"}],"predecessor-version":[{"id":3662,"href":"https:\/\/windmuehle-westhoyel.de\/index.php?rest_route=\/wp\/v2\/pages\/126\/revisions\/3662"}],"wp:attachment":[{"href":"https:\/\/windmuehle-westhoyel.de\/index.php?rest_route=%2Fwp%2Fv2%2Fmedia&parent=126"}],"curies":[{"name":"wp","href":"https:\/\/api.w.org\/{rel}","templated":true}]}}