{"id":1446,"date":"2013-11-02T18:03:31","date_gmt":"2013-11-02T17:03:31","guid":{"rendered":"http:\/\/windmuehle-westhoyel.de\/?page_id=1446"},"modified":"2019-01-31T15:03:37","modified_gmt":"2019-01-31T14:03:37","slug":"lernen-an-der-muehle","status":"publish","type":"page","link":"https:\/\/windmuehle-westhoyel.de\/?page_id=1446","title":{"rendered":"Lernen"},"content":{"rendered":"<p>Der Verein zur Restaurierung und Erhaltung der Westhoyeler Windm\u00fchle bietet Kinderg\u00e4rten, Schulen, interessierten Gruppen, auch Erwachsenen, an, den Weg vom Korn zum Brot direkt zu erfahren.<\/p>\n<p>Neben den theoretischen Erkl\u00e4rungen zum Betrieb einer Windm\u00fchle, dem Getreide und den Backvorg\u00e4ngen werden praktisch in Eigenarbeit, auf die Gruppe abgestimmt, Br\u00f6tchen, Pl\u00e4tzchen oder \u00e4hnliches gebacken.<\/p>\n<p><\/p>\n<p>Interessierte Gruppen melden sich bitte direkt bei Beate L\u00fcckemeyer, 05402 5999<\/p>\n<p>Au\u00dferdem erhalten Sie auch n\u00e4here Ausk\u00fcnfte unter <a href=\"https:\/\/3c.gmx.net\/mail\/client\/dereferrer?redirectUrl=http%3A%2F%2Fwww.paedagogische-landkarte.lwl.org\" target=\"_blank\" rel=\"noopener noreferrer\">www.paedagogische-landkarte.lwl.org<\/a><\/p>\n<p><\/p>\n<p><\/p>\n\n\n<figure class=\"wp-block-image is-resized\"><img loading=\"lazy\" decoding=\"async\" src=\"http:\/\/windmuehle-westhoyel.de\/wp-content\/uploads\/2013\/11\/P1080178web.jpg\" alt=\"\" class=\"wp-image-1456\" width=\"285\" height=\"214\" srcset=\"https:\/\/windmuehle-westhoyel.de\/wp-content\/uploads\/2013\/11\/P1080178web.jpg 600w, https:\/\/windmuehle-westhoyel.de\/wp-content\/uploads\/2013\/11\/P1080178web-300x225.jpg 300w\" sizes=\"auto, (max-width: 285px) 100vw, 285px\" \/><figcaption>Der Teig ist &#8222;gegangen&#8220;<\/figcaption><\/figure>\n","protected":false},"excerpt":{"rendered":"<p>Der Verein zur Restaurierung und Erhaltung der Westhoyeler Windm\u00fchle bietet Kinderg\u00e4rten, Schulen, interessierten Gruppen, auch Erwachsenen, an, den Weg vom Korn zum Brot direkt zu erfahren. Neben den theoretischen Erkl\u00e4rungen zum Betrieb einer Windm\u00fchle, dem Getreide und den Backvorg\u00e4ngen werden praktisch in Eigenarbeit, auf die Gruppe abgestimmt, Br\u00f6tchen, Pl\u00e4tzchen oder \u00e4hnliches gebacken. Interessierte Gruppen melden sich bitte direkt bei Beate L\u00fcckemeyer, 05402 5999 Au\u00dferdem erhalten Sie auch n\u00e4here Ausk\u00fcnfte unter www.paedagogische-landkarte.lwl.org<\/p>\n","protected":false},"author":2,"featured_media":0,"parent":0,"menu_order":3,"comment_status":"closed","ping_status":"closed","template":"","meta":{"footnotes":""},"class_list":["post-1446","page","type-page","status-publish","hentry"],"_links":{"self":[{"href":"https:\/\/windmuehle-westhoyel.de\/index.php?rest_route=\/wp\/v2\/pages\/1446","targetHints":{"allow":["GET"]}}],"collection":[{"href":"https:\/\/windmuehle-westhoyel.de\/index.php?rest_route=\/wp\/v2\/pages"}],"about":[{"href":"https:\/\/windmuehle-westhoyel.de\/index.php?rest_route=\/wp\/v2\/types\/page"}],"author":[{"embeddable":true,"href":"https:\/\/windmuehle-westhoyel.de\/index.php?rest_route=\/wp\/v2\/users\/2"}],"replies":[{"embeddable":true,"href":"https:\/\/windmuehle-westhoyel.de\/index.php?rest_route=%2Fwp%2Fv2%2Fcomments&post=1446"}],"version-history":[{"count":5,"href":"https:\/\/windmuehle-westhoyel.de\/index.php?rest_route=\/wp\/v2\/pages\/1446\/revisions"}],"predecessor-version":[{"id":2788,"href":"https:\/\/windmuehle-westhoyel.de\/index.php?rest_route=\/wp\/v2\/pages\/1446\/revisions\/2788"}],"wp:attachment":[{"href":"https:\/\/windmuehle-westhoyel.de\/index.php?rest_route=%2Fwp%2Fv2%2Fmedia&parent=1446"}],"curies":[{"name":"wp","href":"https:\/\/api.w.org\/{rel}","templated":true}]}}