{"id":2115,"date":"2016-04-15T15:00:48","date_gmt":"2016-04-15T13:00:48","guid":{"rendered":"http:\/\/54225332.swh.strato-hosting.eu\/wpmuehle\/?page_id=2115"},"modified":"2025-02-27T11:26:17","modified_gmt":"2025-02-27T10:26:17","slug":"kontakt","status":"publish","type":"page","link":"https:\/\/windmuehle-westhoyel.de\/?page_id=2115","title":{"rendered":"Kontakt"},"content":{"rendered":"<table border=\"0\" width=\"601\" cellspacing=\"0\" cellpadding=\"0\">\n<tbody>\n<tr align=\"left\" valign=\"top\">\n<td colspan=\"3\" width=\"601\"><strong>Haben Sie Interesse, sich als Hobbyb\u00e4cker oder Hobbym\u00fcller zu bet\u00e4tigen ?<\/strong><strong>M\u00f6chten Sie mithelfen, das technische Denkmal zu erhalten oder an unseren Mahl- und Backtagen aktiv zu sein ?<\/strong><strong>\u00dcben Sie ein altes Handwerk aus ?<\/strong><strong>Oder sind als K\u00fcnstler t\u00e4tig, der seine kreativen Ideen vorf\u00fchren m\u00f6chte ?<\/strong><strong>F\u00fcr eine Kontaktaufnahme sind wir in jedem Falle dankbar.<\/strong><strong><span style=\"text-decoration: underline;\">Ihr Ansprechpartner:<br \/>\n<\/span><\/strong>G\u00fcnter Oberschmidt<br \/>\nK\u00fcsterkamp 27<br \/>\n49328 Melle &#8211; Riemsloh<br \/>\nTel. 05226 379<br \/>\nFax. 05226 591338<br \/>\nE-Mail: <a href=\"mailto:info@windmuehle-westhoyel.de\"><strong><span style=\"color: #3300cc;\">info@windmuehle-westhoyel.de<\/span><\/strong><\/a><\/p>\n<p>Jan Petering<br \/>\nRatsherrenstra\u00dfe 91<br \/>\n49328 Melle-Riemsloh<br \/>\nTelefon: 05226 7004625<br \/>\nE-Mail: <a href=\"mailto:info@windmuehle-westhoyel.de\"><strong>info@windmuehle-westhoyel.de<\/strong><\/a><\/p>\n<p>Hier erhalten Sie die <a href=\"http:\/\/windmuehle-westhoyel.de\/wp-content\/uploads\/2024\/04\/Beitrittserklaerung.pdf\" target=\"_blank\" rel=\"noopener\">Beitrittserkl\u00e4rung<\/a> als pdf<\/p>\n<p><strong><span style=\"text-decoration: underline;\">Interessierte Hobbyb\u00e4cker und -b\u00e4ckerinnen<br \/>\n<\/span><\/strong>rufen bitte Frau Beate L\u00fcckemeyer an.<br \/>\nTel. 05402 5999<\/p>\n<p><strong>Haben Sie Interesse an einer kleinen privaten Feier im M\u00fcllerhaus?<\/strong><\/p>\n<p>Kontaktieren Sie<\/p>\n<p>Frau Inge Sigmund, Tel. 05226 1495.<\/p>\n<p><strong><span style=\"color: #330099;\"><span style=\"text-decoration: underline;\">A<\/span><\/span><\/strong><a href=\"http:\/\/windmuehle-westhoyel.de\/andere_muhlenseiten.html\"><strong><span style=\"color: #330099;\">ndere interessante Seiten<\/span><\/strong><\/a><\/p>\n<p><a href=\"http:\/\/www.heimatverein-riemsloh.de\">www.heimatverein-riemsloh.de<\/a><\/p>\n<p><a href=\"http:\/\/www.riemsloh.info\">www.riemsloh-melle.de<\/a><\/p>\n<p><a href=\"http:\/\/www.muehlenland-niedersachsen.de\">www.muehlenland-niedersachsen.de<\/a><\/p>\n<p><strong><span style=\"color: #ff0000;\"><span style=\"text-decoration: underline;\">Wo finden Sie die M\u00fchle?<br \/>\n<\/span><\/span><\/strong><br \/>\nSie befindet sich in Melle-Riemsloh (Gemarkung Westhoyel)<br \/>\nan der Westhoyeler Stra\u00dfe Nr. 45.<br \/>\nSie fahren von Riemsloh kommend Richtung Herford (Herforder Stra\u00dfe)<br \/>\nca. 2 km bis zu einer kleinen Kreuzung, dann rechts ab in den H\u00fcnenburgweg<br \/>\n(Sie k\u00f6nnen die M\u00fchle schon sehen) bis zu seinem Ende, dann links ab in die Westhoyeler Stra\u00dfe.<\/p>\n<p>Koordinaten: 52.175103<br \/>\n8.446834<\/p>\n<p><a href=\"http:\/\/windmuehle-westhoyel.de\/wp-content\/uploads\/2010\/03\/fahrplan1.gif\"><img loading=\"lazy\" decoding=\"async\" class=\"aligncenter size-medium wp-image-426\" title=\"fahrplan\" src=\"http:\/\/windmuehle-westhoyel.de\/wp-content\/uploads\/2010\/03\/fahrplan1-300x223.gif\" alt=\"\" width=\"300\" height=\"223\" \/><\/a><\/td>\n<\/tr>\n<tr align=\"left\" valign=\"top\">\n<td width=\"135\" height=\"3\"><img loading=\"lazy\" decoding=\"async\" src=\"http:\/\/windmuehle-westhoyel.de\/assets\/images\/autogen\/clearpixel.gif\" alt=\"\" width=\"135\" height=\"1\" border=\"0\" \/><\/td>\n<td><\/td>\n<td width=\"123\"><\/td>\n<\/tr>\n<\/tbody>\n<\/table>\n","protected":false},"excerpt":{"rendered":"<p>Haben Sie Interesse, sich als Hobbyb\u00e4cker oder Hobbym\u00fcller zu bet\u00e4tigen ?M\u00f6chten Sie mithelfen, das technische Denkmal zu erhalten oder an unseren Mahl- und Backtagen aktiv zu sein ?\u00dcben Sie ein altes Handwerk aus ?Oder sind als K\u00fcnstler t\u00e4tig, der seine kreativen Ideen vorf\u00fchren m\u00f6chte ?F\u00fcr eine Kontaktaufnahme sind wir in jedem Falle dankbar.Ihr Ansprechpartner: G\u00fcnter Oberschmidt K\u00fcsterkamp 27 49328 Melle &#8211; Riemsloh Tel. 05226 379 Fax. 05226 591338 E-Mail: info@windmuehle-westhoyel.de Jan Petering Ratsherrenstra\u00dfe 91 49328 Melle-Riemsloh Telefon: 05226 7004625 E-Mail:&#8230;<\/p>\n<p class=\"read-more\"><a class=\"btn btn-default\" href=\"https:\/\/windmuehle-westhoyel.de\/?page_id=2115\">Weiterlesen<span class=\"screen-reader-text\"> Weiterlesen<\/span><\/a><\/p>\n","protected":false},"author":2,"featured_media":0,"parent":0,"menu_order":8,"comment_status":"closed","ping_status":"closed","template":"","meta":{"footnotes":""},"class_list":["post-2115","page","type-page","status-publish","hentry"],"_links":{"self":[{"href":"https:\/\/windmuehle-westhoyel.de\/index.php?rest_route=\/wp\/v2\/pages\/2115","targetHints":{"allow":["GET"]}}],"collection":[{"href":"https:\/\/windmuehle-westhoyel.de\/index.php?rest_route=\/wp\/v2\/pages"}],"about":[{"href":"https:\/\/windmuehle-westhoyel.de\/index.php?rest_route=\/wp\/v2\/types\/page"}],"author":[{"embeddable":true,"href":"https:\/\/windmuehle-westhoyel.de\/index.php?rest_route=\/wp\/v2\/users\/2"}],"replies":[{"embeddable":true,"href":"https:\/\/windmuehle-westhoyel.de\/index.php?rest_route=%2Fwp%2Fv2%2Fcomments&post=2115"}],"version-history":[{"count":12,"href":"https:\/\/windmuehle-westhoyel.de\/index.php?rest_route=\/wp\/v2\/pages\/2115\/revisions"}],"predecessor-version":[{"id":3564,"href":"https:\/\/windmuehle-westhoyel.de\/index.php?rest_route=\/wp\/v2\/pages\/2115\/revisions\/3564"}],"wp:attachment":[{"href":"https:\/\/windmuehle-westhoyel.de\/index.php?rest_route=%2Fwp%2Fv2%2Fmedia&parent=2115"}],"curies":[{"name":"wp","href":"https:\/\/api.w.org\/{rel}","templated":true}]}}