{"id":48,"date":"2010-03-19T20:11:22","date_gmt":"2010-03-19T19:11:22","guid":{"rendered":"http:\/\/jpmdesign.eu\/windmuehle\/?page_id=48"},"modified":"2022-01-04T11:31:56","modified_gmt":"2022-01-04T10:31:56","slug":"mullerhaus","status":"publish","type":"page","link":"https:\/\/windmuehle-westhoyel.de\/?page_id=48","title":{"rendered":"M\u00fcllerhaus"},"content":{"rendered":"<p><strong>Die Windm\u00fchle<br \/>\n<\/strong>steht Gruppen zur Besichtigung auch au\u00dferhalb der Mahl- und Backtage offen. Terminabsprachen, ggf. verbunden mit einer F\u00fchrung, bitte rechtzeitig vornehmen.<\/p>\n<p><a href=\"http:\/\/54225332.swh.strato-hosting.eu\/wpmuehle\/wp-content\/uploads\/2010\/03\/Haus11.jpg\"><img loading=\"lazy\" decoding=\"async\" class=\"aligncenter size-full wp-image-411\" title=\"Haus1\" src=\"http:\/\/54225332.swh.strato-hosting.eu\/wpmuehle\/wp-content\/uploads\/2010\/03\/Haus11.jpg\" alt=\"\" width=\"284\" height=\"176\" \/><\/a><\/p>\n<p><a href=\"http:\/\/54225332.swh.strato-hosting.eu\/wpmuehle\/wp-content\/uploads\/2010\/03\/Tische1.jpg\"><img loading=\"lazy\" decoding=\"async\" class=\"aligncenter size-full wp-image-413\" title=\"Tische\" src=\"http:\/\/54225332.swh.strato-hosting.eu\/wpmuehle\/wp-content\/uploads\/2010\/03\/Tische1.jpg\" alt=\"\" width=\"282\" height=\"186\" \/><\/a><\/p>\n","protected":false},"excerpt":{"rendered":"<p>Die Windm\u00fchle steht Gruppen zur Besichtigung auch au\u00dferhalb der Mahl- und Backtage offen. Terminabsprachen, ggf. verbunden mit einer F\u00fchrung, bitte rechtzeitig vornehmen.<\/p>\n","protected":false},"author":2,"featured_media":0,"parent":2100,"menu_order":3,"comment_status":"closed","ping_status":"open","template":"","meta":{"footnotes":""},"class_list":["post-48","page","type-page","status-publish","hentry"],"_links":{"self":[{"href":"https:\/\/windmuehle-westhoyel.de\/index.php?rest_route=\/wp\/v2\/pages\/48","targetHints":{"allow":["GET"]}}],"collection":[{"href":"https:\/\/windmuehle-westhoyel.de\/index.php?rest_route=\/wp\/v2\/pages"}],"about":[{"href":"https:\/\/windmuehle-westhoyel.de\/index.php?rest_route=\/wp\/v2\/types\/page"}],"author":[{"embeddable":true,"href":"https:\/\/windmuehle-westhoyel.de\/index.php?rest_route=\/wp\/v2\/users\/2"}],"replies":[{"embeddable":true,"href":"https:\/\/windmuehle-westhoyel.de\/index.php?rest_route=%2Fwp%2Fv2%2Fcomments&post=48"}],"version-history":[{"count":3,"href":"https:\/\/windmuehle-westhoyel.de\/index.php?rest_route=\/wp\/v2\/pages\/48\/revisions"}],"predecessor-version":[{"id":3290,"href":"https:\/\/windmuehle-westhoyel.de\/index.php?rest_route=\/wp\/v2\/pages\/48\/revisions\/3290"}],"up":[{"embeddable":true,"href":"https:\/\/windmuehle-westhoyel.de\/index.php?rest_route=\/wp\/v2\/pages\/2100"}],"wp:attachment":[{"href":"https:\/\/windmuehle-westhoyel.de\/index.php?rest_route=%2Fwp%2Fv2%2Fmedia&parent=48"}],"curies":[{"name":"wp","href":"https:\/\/api.w.org\/{rel}","templated":true}]}}