{"id":528,"date":"2011-02-25T15:55:52","date_gmt":"2011-02-25T14:55:52","guid":{"rendered":"http:\/\/windmuehle-westhoyel.de\/?page_id=528"},"modified":"2018-12-10T14:28:10","modified_gmt":"2018-12-10T13:28:10","slug":"backe-backe-kuchen","status":"publish","type":"page","link":"https:\/\/windmuehle-westhoyel.de\/?page_id=528","title":{"rendered":"Backe, backe Kuchen,"},"content":{"rendered":"<p>Der B\u00e4cker hat gerufen \u2026<\/p>\n<p><img loading=\"lazy\" decoding=\"async\" class=\"alignleft size-medium wp-image-2627\" src=\"http:\/\/windmuehle-westhoyel.de\/wp-content\/uploads\/2018\/06\/P1140321_web-300x169.jpg\" alt=\"\" width=\"300\" height=\"169\" srcset=\"https:\/\/windmuehle-westhoyel.de\/wp-content\/uploads\/2018\/06\/P1140321_web-300x169.jpg 300w, https:\/\/windmuehle-westhoyel.de\/wp-content\/uploads\/2018\/06\/P1140321_web.jpg 600w\" sizes=\"auto, (max-width: 300px) 100vw, 300px\" \/>Wer h\u00e4tte Spass daran, bei uns mitzumachen und das backen alter V\u00e4ter Sitte zu erlernen?<\/p>\n<p>Wir sind ein fr\u00f6hliches Team, die viel Spass daran haben.<\/p>\n<p>Allerdings ben\u00f6tigen wir noch dringen helfende H\u00e4nde.<\/p>\n<p>Wenn Sie sich daf\u00fcr interessieren, melden Sie sich bei uns, wir zeigen es Ihnen gerne.<\/p>\n<p>Ihre Freizeitb\u00e4cker<img loading=\"lazy\" decoding=\"async\" class=\"alignright size-medium wp-image-2596\" src=\"http:\/\/windmuehle-westhoyel.de\/wp-content\/uploads\/2018\/04\/P1110785_web-225x300.jpg\" alt=\"\" width=\"225\" height=\"300\" srcset=\"https:\/\/windmuehle-westhoyel.de\/wp-content\/uploads\/2018\/04\/P1110785_web-225x300.jpg 225w, https:\/\/windmuehle-westhoyel.de\/wp-content\/uploads\/2018\/04\/P1110785_web.jpg 450w\" sizes=\"auto, (max-width: 225px) 100vw, 225px\" \/><\/p>\n","protected":false},"excerpt":{"rendered":"<p>Der B\u00e4cker hat gerufen \u2026 Wer h\u00e4tte Spass daran, bei uns mitzumachen und das backen alter V\u00e4ter Sitte zu erlernen? Wir sind ein fr\u00f6hliches Team, die viel Spass daran haben. Allerdings ben\u00f6tigen wir noch dringen helfende H\u00e4nde. Wenn Sie sich daf\u00fcr interessieren, melden Sie sich bei uns, wir zeigen es Ihnen gerne. Ihre Freizeitb\u00e4cker<\/p>\n","protected":false},"author":2,"featured_media":0,"parent":0,"menu_order":0,"comment_status":"closed","ping_status":"closed","template":"","meta":{"footnotes":""},"class_list":["post-528","page","type-page","status-publish","hentry"],"_links":{"self":[{"href":"https:\/\/windmuehle-westhoyel.de\/index.php?rest_route=\/wp\/v2\/pages\/528","targetHints":{"allow":["GET"]}}],"collection":[{"href":"https:\/\/windmuehle-westhoyel.de\/index.php?rest_route=\/wp\/v2\/pages"}],"about":[{"href":"https:\/\/windmuehle-westhoyel.de\/index.php?rest_route=\/wp\/v2\/types\/page"}],"author":[{"embeddable":true,"href":"https:\/\/windmuehle-westhoyel.de\/index.php?rest_route=\/wp\/v2\/users\/2"}],"replies":[{"embeddable":true,"href":"https:\/\/windmuehle-westhoyel.de\/index.php?rest_route=%2Fwp%2Fv2%2Fcomments&post=528"}],"version-history":[{"count":7,"href":"https:\/\/windmuehle-westhoyel.de\/index.php?rest_route=\/wp\/v2\/pages\/528\/revisions"}],"predecessor-version":[{"id":2765,"href":"https:\/\/windmuehle-westhoyel.de\/index.php?rest_route=\/wp\/v2\/pages\/528\/revisions\/2765"}],"wp:attachment":[{"href":"https:\/\/windmuehle-westhoyel.de\/index.php?rest_route=%2Fwp%2Fv2%2Fmedia&parent=528"}],"curies":[{"name":"wp","href":"https:\/\/api.w.org\/{rel}","templated":true}]}}